{"id":92,"date":"2017-06-02T12:51:36","date_gmt":"2017-06-02T12:51:36","guid":{"rendered":"http:\/\/star2.asel.co\/?page_id=92"},"modified":"2017-10-16T12:24:11","modified_gmt":"2017-10-16T12:24:11","slug":"about","status":"publish","type":"page","link":"https:\/\/star2lgm.idradigis.al\/sq\/about\/","title":{"rendered":"Rreth LG Mapping"},"content":{"rendered":"<p>\n\t\t<style type=\"text\/css\">\n\t\t\t#gallery-2 {\n\t\t\t\tmargin: auto;\n\t\t\t}\n\t\t\t#gallery-2 .gallery-item {\n\t\t\t\tfloat: left;\n\t\t\t\tmargin-top: 10px;\n\t\t\t\ttext-align: center;\n\t\t\t\twidth: 33%;\n\t\t\t}\n\t\t\t#gallery-2 img {\n\t\t\t\tborder: 2px solid #cfcfcf;\n\t\t\t}\n\t\t\t#gallery-2 .gallery-caption {\n\t\t\t\tmargin-left: 0;\n\t\t\t}\n\t\t\t\/* see gallery_shortcode() in wp-includes\/media.php *\/\n\t\t<\/style>\n\t\t<div id='gallery-2' class='gallery galleryid-92 gallery-columns-3 gallery-size-large'><dl class='gallery-item'>\n\t\t\t<dt class='gallery-icon landscape'>\n\t\t\t\t<a href='https:\/\/star2lgm.idradigis.al\/wp-content\/uploads\/2017\/06\/378A4207.jpg'><img width=\"1024\" height=\"682\" src=\"https:\/\/star2lgm.idradigis.al\/wp-content\/uploads\/2017\/06\/378A4207-1024x682.jpg\" class=\"attachment-large size-large\" alt=\"\" decoding=\"async\" loading=\"lazy\" srcset=\"https:\/\/star2lgm.idradigis.al\/wp-content\/uploads\/2017\/06\/378A4207.jpg 1024w, https:\/\/star2lgm.idradigis.al\/wp-content\/uploads\/2017\/06\/378A4207-300x200.jpg 300w, https:\/\/star2lgm.idradigis.al\/wp-content\/uploads\/2017\/06\/378A4207-768x512.jpg 768w\" sizes=\"(max-width: 1024px) 100vw, 1024px\" \/><\/a>\n\t\t\t<\/dt><\/dl><dl class='gallery-item'>\n\t\t\t<dt class='gallery-icon landscape'>\n\t\t\t\t<a href='https:\/\/star2lgm.idradigis.al\/wp-content\/uploads\/2017\/05\/star2lgm_foto2.jpg'><img width=\"960\" height=\"640\" src=\"https:\/\/star2lgm.idradigis.al\/wp-content\/uploads\/2017\/05\/star2lgm_foto2.jpg\" class=\"attachment-large size-large\" alt=\"\" decoding=\"async\" loading=\"lazy\" srcset=\"https:\/\/star2lgm.idradigis.al\/wp-content\/uploads\/2017\/05\/star2lgm_foto2.jpg 960w, https:\/\/star2lgm.idradigis.al\/wp-content\/uploads\/2017\/05\/star2lgm_foto2-300x200.jpg 300w, https:\/\/star2lgm.idradigis.al\/wp-content\/uploads\/2017\/05\/star2lgm_foto2-768x512.jpg 768w\" sizes=\"(max-width: 960px) 100vw, 960px\" \/><\/a>\n\t\t\t<\/dt><\/dl><dl class='gallery-item'>\n\t\t\t<dt class='gallery-icon landscape'>\n\t\t\t\t<a href='https:\/\/star2lgm.idradigis.al\/wp-content\/uploads\/2017\/05\/star2lgm_foto3.jpg'><img width=\"960\" height=\"640\" src=\"https:\/\/star2lgm.idradigis.al\/wp-content\/uploads\/2017\/05\/star2lgm_foto3.jpg\" class=\"attachment-large size-large\" alt=\"\" decoding=\"async\" loading=\"lazy\" srcset=\"https:\/\/star2lgm.idradigis.al\/wp-content\/uploads\/2017\/05\/star2lgm_foto3.jpg 960w, https:\/\/star2lgm.idradigis.al\/wp-content\/uploads\/2017\/05\/star2lgm_foto3-300x200.jpg 300w, https:\/\/star2lgm.idradigis.al\/wp-content\/uploads\/2017\/05\/star2lgm_foto3-768x512.jpg 768w\" sizes=\"(max-width: 960px) 100vw, 960px\" \/><\/a>\n\t\t\t<\/dt><\/dl><br style=\"clear: both\" \/>\n\t\t<\/div>\n<\/p>\n<p>Si pjes\u00eb e instrumenteve t\u00eb vler\u00ebsimit dhe monitorimit t\u00eb dizajnuara n\u00eb kuad\u00ebr t\u00eb <span style=\"color: #0e4d80;\"><strong><u><a style=\"color: #0e4d80;\" href=\"http:\/\/www.al.undp.org\/content\/albania\/en\/home\/operations\/projects\/democratic_governance\/consolidation-of-territorial-and-administrative-reform---star-2-.html\" target=\"_blank\" rel=\"noopener noreferrer\">projektit STAR2<\/a><\/u><\/strong><\/span>, <strong>Vler\u00ebsimi i Situat\u00ebs s\u00eb Qeverisjes Vendore<\/strong> \u00ebsht\u00eb nj\u00eb ushtrim i ve\u00e7ant\u00eb q\u00eb duhet t\u00eb nd\u00ebrmerret n\u00eb fillim dhe n\u00eb fund t\u00eb zbatimit t\u00eb projektit. Vler\u00ebsimi fillestar i situat\u00ebs duhet idealisht t\u00eb paraprij\u00eb dhe t\u00eb informoj\u00eb aktivitetet pasuese t\u00eb projektit, nd\u00ebrsa vler\u00ebsimi p\u00ebrfundimtar i situat\u00ebs do t\u00eb sh\u00ebrbej\u00eb p\u00ebr t\u00eb siguruar nj\u00eb matje t\u00eb ndryshimeve n\u00eb mjedisin e qeverisjes lokale, si dhe t\u00eb identifikoj\u00eb \u00e7do efekt n\u00eb qeverisjen lokale q\u00eb i atribuohet projektit STAR2.<\/p>\n<p>Objektivi i k\u00ebtij hulumtimi \u00ebsht\u00eb t\u00eb nd\u00ebrmarr\u00eb nj\u00eb vler\u00ebsim komb\u00ebtar t\u00eb situat\u00ebs s\u00eb qeverisjes vendore p\u00ebr 61 bashkit\u00eb e Shqip\u00ebris\u00eb. Vler\u00ebsimi do t\u00eb sh\u00ebrbej\u00eb q\u00eb t\u00eb informoj\u00eb se si qytetar\u00ebt e jetojn\u00eb qeverisjen vendore dhe se si boshll\u00ebqet e qeverisjes vendore shihen nga perspektiva t\u00eb ndryshme. P\u00ebr q\u00ebllimin e k\u00ebtij vler\u00ebsimi \u00ebsht\u00eb zhvilluar nj\u00eb Kuad\u00ebr Analitik p\u00ebr Qeverisjen Vendore. Ky kuad\u00ebr bazohet n\u00eb metodologjin\u00eb dhe struktur\u00ebn e Barometrit t\u00eb Qeverisjes Vendore (LGB) t\u00eb adoptuar me zhvillimin e qeverisjes vendore n\u00eb kontekstin e Shqip\u00ebris\u00eb. Modeli i Barometrit t\u00eb Qeverisjes Vendore (LGB) p\u00ebrfshin nj\u00eb s\u00ebr\u00eb treguesish t\u00eb qeverisjes vendore q\u00eb p\u00ebrdoren nga grupet e ndryshme t\u00eb interesit p\u00ebr t\u00eb vler\u00ebsuar performanc\u00ebn e masave t\u00eb nd\u00ebrmarra nga qeveria n\u00eb nivel vendor. Kjo metod\u00eb thekson rritjen e nd\u00ebrgjegj\u00ebsimit dhe dialogut konstruktiv rreth qeverisjes dhe paraqet nj\u00eb pasqyr\u00eb an\u00ebve t\u00eb forta dhe atyre t\u00eb dob\u00ebta t\u00eb qeverisjes. Kuadri analitik i bazuar te LGB siguron p\u00ebrfaq\u00ebsimin e aktor\u00ebve si nga qeveria (stafi kryesor i qeverisjes vendore) edhe nga aktor\u00ebt joqeveritar\u00eb (qytetar\u00ebt dhe OSHC-t\u00eb). Ai p\u00ebrqendrohet m\u00eb shum\u00eb n\u00eb dimensionet &#8220;interaktive&#8221; t\u00eb qeverisjes, me q\u00ebllim q\u00eb t\u00eb ofroj\u00eb nj\u00eb vler\u00ebsim t\u00eb situat\u00ebs p\u00ebr secil\u00ebn prej bashkive.<\/p>\n<p><strong>Fokusi do t&#8217;i kushtohet kat\u00ebr kritereve t\u00eb m\u00ebposhtme:<\/strong><\/p>\n<ol class=\"thirteen\">\n<li>Efektiviteti dhe Eficenca,<\/li>\n<li>Transparenca dhe Sundimi i Ligjit,<\/li>\n<li>Llogaridh\u00ebnia,<\/li>\n<li>Pjes\u00ebmarrja dhe Angazhimi Qytetar.<\/li>\n<\/ol>\n<p>Meqen\u00ebse \u00e7\u00ebshtje gjinore si dhe perspektivat e grupeve vulnerab\u00ebl jan\u00eb kritike p\u00ebr cil\u00ebsin\u00eb e ushtrimit t\u00eb vler\u00ebsimit t\u00eb situat\u00ebs, p\u00ebrbrenda kat\u00ebr kritereve i \u00ebsht\u00eb kushtuar nj\u00eb konsiderat\u00eb e r\u00ebnd\u00ebsishme Barazis\u00eb n\u00eb aksesin n\u00eb burime, mund\u00ebsi si dhe n\u00eb procese vendimmarr\u00ebse p\u00ebr t\u00eb gjith\u00eb qytetar\u00ebt etj.<br \/>\nVler\u00ebsimi ka p\u00ebrdorur disa metoda si: Karta e Raportimit t\u00eb Qytetar\u00ebve, Intervistat Gjysm\u00eb t\u00eb Strukturuara me profesionist\u00eb t\u00eb nivelit t\u00eb lart\u00eb n\u00eb \u00e7do bashki, Fokus Grupe n\u00eb Bashki me drejtor\u00ebt e drejtorive kryesore, Dialogje me Komunitetin si dhe t\u00eb dh\u00ebnat nga K\u00ebrkimi Dyt\u00ebsor.<br \/>\nSynimi i k\u00ebtij raporti \u00ebsht\u00eb p\u00ebrshkrimi sasior dhe cil\u00ebsor i statusit t\u00eb qeverisjes vendore t\u00eb Delvin\u00ebs, boshll\u00ebqet, mund\u00ebsit\u00eb dhe \u00e7\u00ebshtjet q\u00eb duhet t\u00eb adresohen n\u00eb afatshkurt\u00ebr dhe afatmes\u00ebm. Instrumentet e p\u00ebrdorura n\u00eb k\u00ebt\u00eb p\u00ebrqasje do t\u00eb sh\u00ebrbejn\u00eb p\u00ebr t\u00eb siguruar me t\u00eb dh\u00ebna nga burime t\u00eb ndryshme Kuadrin Analitik t\u00eb Qeverisjes Vendore.<\/p>\n<p>Vler\u00ebsimi i Situat\u00ebs s\u00eb Qeverisjes Vendore kryhet n\u00eb kuad\u00ebr t\u00eb projektit STAR 2, t\u00eb zbatuar nga UNDP, me mb\u00ebshtetjen e Qeveris\u00eb Italiane, Qeveris\u00eb Suedeze, Qeveris\u00eb Zvicerane dhe USAID.<\/p>","protected":false},"excerpt":{"rendered":"<p>Si pjes\u00eb e instrumenteve t\u00eb vler\u00ebsimit dhe monitorimit t\u00eb dizajnuara n\u00eb kuad\u00ebr t\u00eb projektit STAR2, Vler\u00ebsimi i Situat\u00ebs s\u00eb Qeverisjes Vendore \u00ebsht\u00eb nj\u00eb ushtrim i ve\u00e7ant\u00eb q\u00eb duhet t\u00eb nd\u00ebrmerret n\u00eb fillim dhe n\u00eb fund t\u00eb zbatimit t\u00eb projektit. Vler\u00ebsimi fillestar i situat\u00ebs duhet idealisht t\u00eb paraprij\u00eb dhe t\u00eb informoj\u00eb aktivitetet pasuese t\u00eb projektit, nd\u00ebrsa [&hellip;]<\/p>\n","protected":false},"author":1,"featured_media":112,"parent":0,"menu_order":0,"comment_status":"closed","ping_status":"closed","template":"","meta":{"footnotes":""},"acf":[],"_links":{"self":[{"href":"https:\/\/star2lgm.idradigis.al\/sq\/wp-json\/wp\/v2\/pages\/92"}],"collection":[{"href":"https:\/\/star2lgm.idradigis.al\/sq\/wp-json\/wp\/v2\/pages"}],"about":[{"href":"https:\/\/star2lgm.idradigis.al\/sq\/wp-json\/wp\/v2\/types\/page"}],"author":[{"embeddable":true,"href":"https:\/\/star2lgm.idradigis.al\/sq\/wp-json\/wp\/v2\/users\/1"}],"replies":[{"embeddable":true,"href":"https:\/\/star2lgm.idradigis.al\/sq\/wp-json\/wp\/v2\/comments?post=92"}],"version-history":[{"count":39,"href":"https:\/\/star2lgm.idradigis.al\/sq\/wp-json\/wp\/v2\/pages\/92\/revisions"}],"predecessor-version":[{"id":1237,"href":"https:\/\/star2lgm.idradigis.al\/sq\/wp-json\/wp\/v2\/pages\/92\/revisions\/1237"}],"wp:featuredmedia":[{"embeddable":true,"href":"https:\/\/star2lgm.idradigis.al\/sq\/wp-json\/wp\/v2\/media\/112"}],"wp:attachment":[{"href":"https:\/\/star2lgm.idradigis.al\/sq\/wp-json\/wp\/v2\/media?parent=92"}],"curies":[{"name":"wp","href":"https:\/\/api.w.org\/{rel}","templated":true}]}}