{"id":103,"date":"2017-06-02T13:07:14","date_gmt":"2017-06-02T13:07:14","guid":{"rendered":"http:\/\/star2.asel.co\/?page_id=103"},"modified":"2017-10-13T09:51:04","modified_gmt":"2017-10-13T09:51:04","slug":"scoring-approach","status":"publish","type":"page","link":"https:\/\/star2lgm.idradigis.al\/sq\/scoring-approach\/","title":{"rendered":"Qasja e vler\u00ebsmit"},"content":{"rendered":"<p>Pyetjet\/treguesit e Kuadrit Analitik jan\u00eb nd\u00ebrtuar n\u00eb m\u00ebnyr\u00eb t\u00eb till\u00eb p\u00ebr t\u00eb kapur dinamikat e qeverisjes vendore. Secili prej kritereve t\u00eb kuadrit analitik \u00ebsht\u00eb i p\u00ebrb\u00ebr\u00eb nga disa n\u00ebn-kritere dhe k\u00ebto t\u00eb fundit p\u00ebrb\u00ebhen nga disa tregues\/pyetje t\u00eb cilat k\u00ebrkojn\u00eb vler\u00ebsim. Treguesit jan\u00eb matur p\u00ebrmes burimeve t\u00eb ndryshme t\u00eb t\u00eb dh\u00ebnave dhe prandaj p\u00ebr secilin dimension t\u00eb kuadrit analitik \u00ebsht\u00eb specifikuar burimi I t\u00eb dh\u00ebnave nga I cili \u00ebsht\u00eb p\u00ebrfituar vler\u00ebsimi. Duke p\u00ebrdorur k\u00ebto tregues, grupet e ndryshme t\u00eb interesit (p\u00ebrfaq\u00ebsues \/ zyrtar\u00eb Bashkiak\u00eb, qytetar\u00eb nga komuniteti si dhe p\u00ebrfaq\u00ebsues t\u00eb shoq\u00ebris\u00eb civile dhe sip\u00ebrmarrjes) kan\u00eb dh\u00ebn\u00eb vler\u00ebsime p\u00ebrkat\u00ebse p\u00ebr aspekte t\u00eb ndryshme t\u00eb veprimtaris\u00eb s\u00eb administrat\u00ebs vendore bazuar n\u00eb njohurit\u00eb dhe perceptimet personale.<\/p>\n<p>Vler\u00ebsime t\u00eb p\u00ebrgjithshme jan\u00eb dh\u00ebn\u00eb p\u00ebrmes metodave t\u00eb ndryshme t\u00eb k\u00ebrkimit:<\/p>\n<ol>\n<li>Fokus Grupet n\u00eb Bashki (MFG),<\/li>\n<li>Karta e Raportimit t\u00eb Qytetareve (CRC),<\/li>\n<li>Dialogjet me Komunitetin (CD), dhe<\/li>\n<li>T\u00eb Dh\u00ebnat Dyt\u00ebsore (DR).<\/li>\n<\/ol>\n<p>Diagrama m\u00eb posht\u00eb tregon p\u00ebrb\u00ebrjen dhe metod\u00ebn e p\u00ebrllogaritjes s\u00eb vler\u00ebsimit. P\u00ebrqasja e vler\u00ebsimit me pik\u00eb bazohet n\u00eb nj\u00eb <strong>shkall\u00eb nga 0 n\u00eb 100<\/strong>, ku 0 p\u00ebrfaq\u00ebson &#8220;Munges\u00eb qeverisjeje&#8221; dhe 100 p\u00ebrfaq\u00ebson &#8220;Qeverisjen e plot\u00eb \/ t\u00eb p\u00ebrkryer&#8221;.<\/p>\n<p><img decoding=\"async\" loading=\"lazy\" class=\"alignnone wp-image-949\" src=\"http:\/\/www.star2lgm.com\/wp-content\/uploads\/2017\/06\/Figura1Diagrama-e-vleresimit-300x184.jpg\" alt=\"\" width=\"300\" height=\"184\" srcset=\"https:\/\/star2lgm.idradigis.al\/wp-content\/uploads\/2017\/06\/Figura1Diagrama-e-vleresimit-300x184.jpg 300w, https:\/\/star2lgm.idradigis.al\/wp-content\/uploads\/2017\/06\/Figura1Diagrama-e-vleresimit.jpg 510w\" sizes=\"(max-width: 300px) 100vw, 300px\" \/><\/p>\n<p>N\u00eb raste specifike, jan\u00eb p\u00ebrdorur pyetje t\u00eb nj\u00ebjta si p\u00ebr funksionar\u00ebt e bashkis\u00eb dhe komunitetin p\u00ebr t\u00eb siguruar krahasueshm\u00ebrin\u00eb dhe identifikuar perspektivat e mundshme p\u00ebr t\u00eb nj\u00ebjt\u00ebn problematik\u00eb apo \u00e7\u00ebshtje dhe p\u00ebr t\u00eb siguruar nj\u00eb korniz\u00eb gjith\u00ebp\u00ebrfshir\u00ebse. N\u00eb k\u00ebt\u00eb rast, vler\u00ebsimi p\u00ebrfundimtar \u00ebsht\u00eb vlera mesatare e t\u00eb gjitha rezultateve t\u00eb p\u00ebrfituara nga t\u00eb gjitha burimet p\u00ebr \u00e7do kriter dhe k\u00ebto t\u00eb fundit rezultues nga nj\u00eb mesatare e n\u00ebn-kritereve p\u00ebrkat\u00ebs. K\u00ebto t\u00eb dh\u00ebna jan\u00eb validuar dhe plot\u00ebsuar me informacion cil\u00ebsor t\u00eb mbledhur p\u00ebrmes diskutimeve n\u00eb Fokus Grupin n\u00eb Bashki, n\u00eb Dialogun me Komunitetin dhe p\u00ebrmes Intervistave t\u00eb Thelluara me funksionar\u00eb ky\u00e7 n\u00eb bashki. P\u00ebr m\u00eb shum\u00eb informacion sa i takon metodologjis\u00eb s\u00eb k\u00ebtij vler\u00ebsimi ju lutem referojuni <a href=\"http:\/\/www.al.undp.org\/content\/albania\/en\/home\/library\/democratic_governance\/local-governance-mapping-methodology-in-albania\/\"><u>Metodologjis\u00eb s\u00eb Vler\u00ebsimit t\u00eb Situat\u00ebs s\u00eb Qeverisjes Vendore n\u00eb Shqip\u00ebri.<\/u><\/a>.<\/p>\n<p><\/p>","protected":false},"excerpt":{"rendered":"<p>Pyetjet\/treguesit e Kuadrit Analitik jan\u00eb nd\u00ebrtuar n\u00eb m\u00ebnyr\u00eb t\u00eb till\u00eb p\u00ebr t\u00eb kapur dinamikat e qeverisjes vendore. Secili prej kritereve t\u00eb kuadrit analitik \u00ebsht\u00eb i p\u00ebrb\u00ebr\u00eb nga disa n\u00ebn-kritere dhe k\u00ebto t\u00eb fundit p\u00ebrb\u00ebhen nga disa tregues\/pyetje t\u00eb cilat k\u00ebrkojn\u00eb vler\u00ebsim. Treguesit jan\u00eb matur p\u00ebrmes burimeve t\u00eb ndryshme t\u00eb t\u00eb dh\u00ebnave dhe prandaj p\u00ebr secilin [&hellip;]<\/p>\n","protected":false},"author":1,"featured_media":123,"parent":0,"menu_order":0,"comment_status":"closed","ping_status":"closed","template":"","meta":{"footnotes":""},"acf":[],"_links":{"self":[{"href":"https:\/\/star2lgm.idradigis.al\/sq\/wp-json\/wp\/v2\/pages\/103"}],"collection":[{"href":"https:\/\/star2lgm.idradigis.al\/sq\/wp-json\/wp\/v2\/pages"}],"about":[{"href":"https:\/\/star2lgm.idradigis.al\/sq\/wp-json\/wp\/v2\/types\/page"}],"author":[{"embeddable":true,"href":"https:\/\/star2lgm.idradigis.al\/sq\/wp-json\/wp\/v2\/users\/1"}],"replies":[{"embeddable":true,"href":"https:\/\/star2lgm.idradigis.al\/sq\/wp-json\/wp\/v2\/comments?post=103"}],"version-history":[{"count":108,"href":"https:\/\/star2lgm.idradigis.al\/sq\/wp-json\/wp\/v2\/pages\/103\/revisions"}],"predecessor-version":[{"id":1230,"href":"https:\/\/star2lgm.idradigis.al\/sq\/wp-json\/wp\/v2\/pages\/103\/revisions\/1230"}],"wp:featuredmedia":[{"embeddable":true,"href":"https:\/\/star2lgm.idradigis.al\/sq\/wp-json\/wp\/v2\/media\/123"}],"wp:attachment":[{"href":"https:\/\/star2lgm.idradigis.al\/sq\/wp-json\/wp\/v2\/media?parent=103"}],"curies":[{"name":"wp","href":"https:\/\/api.w.org\/{rel}","templated":true}]}}