{"id":100,"date":"2017-06-02T13:04:19","date_gmt":"2017-06-02T13:04:19","guid":{"rendered":"http:\/\/star2.asel.co\/?page_id=100"},"modified":"2017-09-15T11:54:48","modified_gmt":"2017-09-15T11:54:48","slug":"analytical-framework-of-local-governance","status":"publish","type":"page","link":"https:\/\/star2lgm.idradigis.al\/sq\/analytical-framework-of-local-governance\/","title":{"rendered":"Kuadri analitik i qeverisjes vendore"},"content":{"rendered":"<p><img decoding=\"async\" loading=\"lazy\" class=\"alignnone wp-image-101\" src=\"http:\/\/star2.asel.co\/wp-content\/uploads\/2017\/06\/CnUXNWwWYAAL7pg-300x200.jpg\" alt=\"\" width=\"700\" height=\"467\" srcset=\"https:\/\/star2lgm.idradigis.al\/wp-content\/uploads\/2017\/06\/CnUXNWwWYAAL7pg-300x200.jpg 300w, https:\/\/star2lgm.idradigis.al\/wp-content\/uploads\/2017\/06\/CnUXNWwWYAAL7pg-768x512.jpg 768w, https:\/\/star2lgm.idradigis.al\/wp-content\/uploads\/2017\/06\/CnUXNWwWYAAL7pg-1024x683.jpg 1024w, https:\/\/star2lgm.idradigis.al\/wp-content\/uploads\/2017\/06\/CnUXNWwWYAAL7pg.jpg 1200w\" sizes=\"(max-width: 700px) 100vw, 700px\" \/><\/p>\n<p>Ky kuad\u00ebr bazohet n\u00eb metodologjin\u00eb dhe struktur\u00ebn e Barometrit t\u00eb Qeverisjes Vendore (LGB) t\u00eb adoptuar me zhvillimin e qeverisjes vendore n\u00eb kontekstin e Shqip\u00ebris\u00eb. Modeli i Barometrit t\u00eb Qeverisjes Vendore (LGB) p\u00ebrfshin nj\u00eb s\u00ebr\u00eb treguesish t\u00eb qeverisjes vendore q\u00eb p\u00ebrdoren nga grupet e ndryshme t\u00eb interesit p\u00ebr t\u00eb vler\u00ebsuar performanc\u00ebn e masave t\u00eb nd\u00ebrmarra nga qeveria n\u00eb nivel vendor. Kjo metod\u00eb thekson rritjen e nd\u00ebrgjegj\u00ebsimit dhe dialogut konstruktiv rreth qeverisjes dhe paraqet nj\u00eb pasqyr\u00eb an\u00ebve t\u00eb forta dhe atyre t\u00eb dob\u00ebta t\u00eb qeverisjes. Kuadri analitik i bazuar te LGB siguron p\u00ebrfaq\u00ebsimin e aktor\u00ebve si nga qeveria (stafi kryesor i qeverisjes vendore) edhe nga aktor\u00ebt joqeveritar\u00eb (qytetar\u00ebt dhe OSHC-t\u00eb). Ai p\u00ebrqendrohet m\u00eb shum\u00eb n\u00eb dimensionet &#8220;interaktive&#8221; t\u00eb qeverisjes, me q\u00ebllim q\u00eb t\u00eb ofroj\u00eb nj\u00eb vler\u00ebsim t\u00eb situat\u00ebs p\u00ebr secil\u00ebn prej bashkive.<\/p>\n<ol>\n<li>Efektiviteti dhe Eficenca<\/li>\n<\/ol>\n<p>Efektiviteti n\u00ebnkupton kapacitetin p\u00ebr koordinimin dhe planifikim e zhvillimit\/financiar t\u00eb administrat\u00ebs vendore p\u00ebr t&#8217;iu p\u00ebrgjigjur prioriteteve t\u00eb qytetar\u00ebve n\u00eb ofrimin e sh\u00ebrbimeve dhe zhvillimin ekonomik. Administrata vendore p\u00ebrgatit dhe ofron sh\u00ebrbime cil\u00ebsore p\u00ebr qytetar\u00ebt duke p\u00ebrdorur n\u00eb m\u00ebnyr\u00ebn m\u00eb t\u00eb mir\u00eb burimet publike dhe natyrore q\u00eb disponon me q\u00ebllim p\u00ebrmbushjen e objektivave t\u00eb deklaruara t\u00eb zhvillimit. Eficenca n\u00ebnkupton p\u00ebrdorimin me kosto efektive t\u00eb burimeve t\u00eb kufizuara njer\u00ebzore dhe financiare, pa pasur humbje, vonesa apo keqp\u00ebrdorim. Efektivitet do t\u00eb thot\u00eb se burimet e kufizuara kontribuojn\u00eb maksimalisht n\u00eb prioritetet dhe objektivat e zhvillimit t\u00eb Bashkis\u00eb<\/p>\n<p>Ky kriter p\u00ebrfshin disa n\u00ebn-kritere t\u00eb tilla si:<\/p>\n<ul>\n<li><strong>Vizioni dhe planifikimi I administrat\u00ebs vendore<\/strong> (n\u00ebse kan\u00eb kaluar p\u00ebrmes nj\u00eb procesi gjith\u00ebp\u00ebrfshir\u00ebs dhe me pjes\u00ebmarrje),<\/li>\n<li><strong>Menaxhimi financiar<\/strong> (planifikimi dhe menaxhimi I burimeve financiare vendore),<\/li>\n<li><strong>Vendimmarrja e informuar<\/strong> (e bazuar n\u00eb informacione t\u00eb besueshme dhe p\u00ebrdit\u00ebsuara),<\/li>\n<li><strong>Koordinimi dhe bashk\u00ebpunimi<\/strong> (nd\u00ebrveprimi I bashkis\u00eb me qeverin\u00eb qendrore, donator\u00ebt dhe bashkit\u00eb e tjera): dhe<\/li>\n<li><strong>Niveli I k\u00ebnaq\u00ebsis\u00eb me sh\u00ebrbimet publike<\/strong> (cil\u00ebsia dhe aksesueshm\u00ebria e sh\u00ebrbimeve publike)<\/li>\n<\/ul>\n<p>&nbsp;<\/p>\n<ol start=\"2\">\n<li>Transparenca dhe Sundimi i Ligjit<\/li>\n<\/ol>\n<p>Transparenca n\u00ebnkupton q\u00eb veprimet, vendimet, proceset vendimmarr\u00ebse t\u00eb administrat\u00ebs vendore b\u00ebhen publike dhe t\u00eb hapura p\u00ebr ekzaminim\/pyetje nga njer\u00ebzit t\u00eb cil\u00ebt jan\u00eb t\u00eb prekur drejtp\u00ebrdrejt\u00eb nga k\u00ebto vendime. Transparenca \u00ebsht\u00eb e lidhur me qasje t\u00eb papenguar n\u00eb informacione t\u00eb besueshme dhe t\u00eb dh\u00ebna n\u00eb koh\u00eb reale mbi vendimet dhe performanc\u00ebn e administrat\u00ebs vendore. Sundimi i Ligjit p\u00ebrfaq\u00ebson termat e kontrat\u00ebs sociale sipas t\u00eb cil\u00ebs qytetar\u00ebt bashk\u00ebjetojn\u00eb me nj\u00ebri-tjetrin dhe drejtohen nga autoriteti publik. Sundimi i ligjit mbizot\u00ebron kur kushtet e kontrat\u00ebs sociale respektohen nga qytetar\u00ebt dhe qeveria, ku k\u00ebto kushte zbatohen ose n\u00ebp\u00ebrmjet bashk\u00ebpunimit vullnetar ose p\u00ebrmes institucioneve dhe procedurave ligjore, dhe kur shkeljet e kushteve t\u00eb kontrat\u00ebs d\u00ebnohen.<\/p>\n<p>P\u00ebr plot\u00ebsimin e k\u00ebtij kuadri ky kriter \u00ebsht\u00eb p\u00ebrfaq\u00ebsuar nga n\u00ebn-kriteret e m\u00ebposhtme:<\/p>\n<ul>\n<li><strong>Transparenca<\/strong> (n\u00ebse performanca e ofrimit te sh\u00ebrbimeve publike dhe planifikimi dhe p\u00ebrdorimi i burimeve jan\u00eb n\u00eb dispozicion dhe t\u00eb aksesueshme p\u00ebr qytetar\u00ebt);<\/li>\n<li><strong>Sundimi i Ligjit<\/strong> sa i takon Kuadrit Ligjor Institucional n\u00eb nivel vendor (n\u00ebse ekziston ose jo kuadri ligjor dhe n\u00ebse ky i fundit \u00ebsht\u00eb efektiv); dhe<\/li>\n<li><strong>Korrupsioni<\/strong> (ekzistenca e politikave anti-korrupsion, niveli i perceptimit p\u00ebr korrupsionin, niveli i eksperienc\u00ebs me korrupsionin).<\/li>\n<\/ul>\n<p>&nbsp;<\/p>\n<ol start=\"3\">\n<li>Llogaridh\u00ebnia<\/li>\n<\/ol>\n<p>Llogaridh\u00ebnia p\u00ebrcaktohet aft\u00ebsia e bashkis\u00eb p\u00ebr t\u00eb shpjeguar dhe raportuar veprimet e saj te qytetar\u00ebt, k\u00ebshilli bashkiak si dhe p\u00ebr t\u00eb trajtuar ankesat e qytetar\u00ebve. Administrata vendore \u00ebsht\u00eb n\u00eb gjendje t\u00eb shpjegoj\u00eb dhe argumentoj\u00eb dhe t\u00eb jap\u00eb llogari p\u00ebr vendimet\/veprimet e saj (bazuar n\u00eb objektiva t\u00eb dakorduara paraprakisht) p\u00ebr komunitetin. Llogaridh\u00ebnia ka t\u00eb b\u00ebj\u00eb me iden\u00eb e dh\u00ebnies s\u00eb p\u00ebrgjigjeve n\u00eb cil\u00ebsi dhe koh\u00eb (p\u00ebrgjigjshm\u00ebris\u00eb).<\/p>\n<p>Kriteri i llogaridh\u00ebnies \u00ebsht\u00eb i p\u00ebrb\u00ebr\u00eb nga n\u00ebn-kriteret e m\u00ebposhtme:<\/p>\n<ul>\n<li><strong>Mekanizmat e kontrollit<\/strong> (n\u00ebse ka ose jo institucione t\u00eb cilat kontrollojn\u00eb, mbikqyrin dhe sanksionojn\u00eb administrat\u00ebn vendore); <\/li>\n<li><strong>Komunikimi dhe Reagimi<\/strong> (n\u00ebse ka mekanizma leht\u00ebsuese p\u00ebr parashtrimin e ankesave dhe ndarjen e mendimeve nga ana e qytetar\u00ebve dhe n\u00ebse jan\u00eb efektive); dhe<\/li>\n<li><strong>P\u00ebrgjigjshm\u00ebria e administrat\u00ebs vendore<\/strong> (niveli i reagimit t\u00eb administrat\u00ebs vendore ndaj k\u00ebrkesave dhe ankesave).<\/li>\n<\/ul>\n<p>&nbsp;<\/p>\n<ol start=\"4\">\n<li>Pjes\u00ebmarrja dhe Angazhimi i Qytetar\u00ebve<\/li>\n<\/ol>\n<p>Pjes\u00ebmarrja aktive e t\u00eb gjith\u00eb qytetar\u00ebve (p\u00ebrfshirja e grupeve t\u00eb ndryshme t\u00eb interesit) dhe shoq\u00ebris\u00eb civile n\u00eb planifikimin e zhvillimit vendor me q\u00ebllim alokimin e duhur t\u00eb burimeve n\u00eb nd\u00ebrhyrjet e administrat\u00ebs vendore. Kjo p\u00ebrfshin pjes\u00ebmarrjen aktive, gjith\u00ebp\u00ebrfshir\u00ebse t\u00eb lir\u00eb dhe kuptimplot\u00eb t\u00eb burrave, grave dhe grupeve t\u00eb tjera nga komuniteti n\u00eb procesin e vendimmarrjes.<\/p>\n<p>Kriteri i pjes\u00ebmarrjes dhe Angazhimit t\u00eb Qytetar\u00ebve p\u00ebrfaq\u00ebsohet nga n\u00ebn-kriteret e m\u00ebposhtme:<\/p>\n<ul>\n<li><strong>Kuadri institucional<\/strong> (n\u00ebse ekziston nj\u00eb kuad\u00ebr institucional efektiv p\u00ebr menaxhimin dhe sigurimin e pjes\u00ebmarrjes qytetare);<\/li>\n<li><strong>Vendimmarrja<\/strong> (p\u00ebrfshirja e t\u00eb gjith\u00eb pal\u00ebve t\u00eb interesuara n\u00eb procesin e vendimmarrjes);<\/li>\n<li><strong>Pjes\u00ebmarrja qytetare<\/strong> (niveli i nd\u00ebrveprimit me administrat\u00ebn vendore); dhe<\/li>\n<li><strong>Angazhimi qytetar<\/strong> (niveli i aktivizimit t\u00eb qytetar\u00ebve, OSHC-ve dhe medias n\u00eb \u00e7\u00ebshtjet kryesore t\u00eb zhvillimit vendor). <\/li>\n<\/ul>\n<p>P\u00ebr secilin kriter, jan\u00eb zhvilluar n\u00ebn-kriteret p\u00ebrkat\u00ebse dhe secili k\u00ebtyre t\u00eb fundit p\u00ebrfaq\u00ebsohet nga tregues t\u00eb r\u00ebnd\u00ebsish\u00ebm (pyetje) q\u00eb sh\u00ebrbejn\u00eb p\u00ebr t\u00eb ndihmuar dhe analizuar kriterin m\u00ebm\u00eb.<\/p>\n<p>&nbsp;<\/p>\n<p>&nbsp;<\/p>","protected":false},"excerpt":{"rendered":"<p>Ky kuad\u00ebr bazohet n\u00eb metodologjin\u00eb dhe struktur\u00ebn e Barometrit t\u00eb Qeverisjes Vendore (LGB) t\u00eb adoptuar me zhvillimin e qeverisjes vendore n\u00eb kontekstin e Shqip\u00ebris\u00eb. Modeli i Barometrit t\u00eb Qeverisjes Vendore (LGB) p\u00ebrfshin nj\u00eb s\u00ebr\u00eb treguesish t\u00eb qeverisjes vendore q\u00eb p\u00ebrdoren nga grupet e ndryshme t\u00eb interesit p\u00ebr t\u00eb vler\u00ebsuar performanc\u00ebn e masave t\u00eb nd\u00ebrmarra nga [&hellip;]<\/p>\n","protected":false},"author":1,"featured_media":101,"parent":0,"menu_order":0,"comment_status":"closed","ping_status":"closed","template":"","meta":{"footnotes":""},"acf":[],"_links":{"self":[{"href":"https:\/\/star2lgm.idradigis.al\/sq\/wp-json\/wp\/v2\/pages\/100"}],"collection":[{"href":"https:\/\/star2lgm.idradigis.al\/sq\/wp-json\/wp\/v2\/pages"}],"about":[{"href":"https:\/\/star2lgm.idradigis.al\/sq\/wp-json\/wp\/v2\/types\/page"}],"author":[{"embeddable":true,"href":"https:\/\/star2lgm.idradigis.al\/sq\/wp-json\/wp\/v2\/users\/1"}],"replies":[{"embeddable":true,"href":"https:\/\/star2lgm.idradigis.al\/sq\/wp-json\/wp\/v2\/comments?post=100"}],"version-history":[{"count":31,"href":"https:\/\/star2lgm.idradigis.al\/sq\/wp-json\/wp\/v2\/pages\/100\/revisions"}],"predecessor-version":[{"id":944,"href":"https:\/\/star2lgm.idradigis.al\/sq\/wp-json\/wp\/v2\/pages\/100\/revisions\/944"}],"wp:featuredmedia":[{"embeddable":true,"href":"https:\/\/star2lgm.idradigis.al\/sq\/wp-json\/wp\/v2\/media\/101"}],"wp:attachment":[{"href":"https:\/\/star2lgm.idradigis.al\/sq\/wp-json\/wp\/v2\/media?parent=100"}],"curies":[{"name":"wp","href":"https:\/\/api.w.org\/{rel}","templated":true}]}}